{"id":154,"date":"2020-03-05T11:04:47","date_gmt":"2020-03-05T10:04:47","guid":{"rendered":"https:\/\/msisteelbox.pl\/?page_id=154"},"modified":"2020-03-19T15:14:11","modified_gmt":"2020-03-19T14:14:11","slug":"about-us","status":"publish","type":"page","link":"https:\/\/msisteelbox.pl\/en\/about-us\/","title":{"rendered":"About us"},"content":{"rendered":"\n<p><strong> Metalowa Sp\u00f3\u0142dzielnia Inwalid\u00f3w<\/strong> was established in 1964. We specialize in the production of metal products. We are The Supported Employment Enterprises located about 15 km east of Olsztyn in Barczewo the region of Warmia.<\/p>\n\n\n\n<p>We\nhave a park of machines and devices that can be adapted to the needs\nof current production and customer requirements (for larger orders).<\/p>\n\n\n\n<p>Our\nover 55 years of experience guarantees the reliability and high\nquality of products recognized by customers in the country and\nabroad.<\/p>\n","protected":false},"excerpt":{"rendered":"<p>Metalowa Sp\u00f3\u0142dzielnia Inwalid\u00f3w was established in 1964. We specialize in the production of metal products. We are The Supported Employment Enterprises located about 15 km east of Olsztyn in Barczewo the region of Warmia. We have a park of machines and devices that can be adapted to the needs of current production and customer requirements [&hellip;]<\/p>\n","protected":false},"author":1,"featured_media":0,"parent":0,"menu_order":0,"comment_status":"closed","ping_status":"closed","template":"","meta":{"footnotes":""},"_links":{"self":[{"href":"https:\/\/msisteelbox.pl\/en\/wp-json\/wp\/v2\/pages\/154"}],"collection":[{"href":"https:\/\/msisteelbox.pl\/en\/wp-json\/wp\/v2\/pages"}],"about":[{"href":"https:\/\/msisteelbox.pl\/en\/wp-json\/wp\/v2\/types\/page"}],"author":[{"embeddable":true,"href":"https:\/\/msisteelbox.pl\/en\/wp-json\/wp\/v2\/users\/1"}],"replies":[{"embeddable":true,"href":"https:\/\/msisteelbox.pl\/en\/wp-json\/wp\/v2\/comments?post=154"}],"version-history":[{"count":3,"href":"https:\/\/msisteelbox.pl\/en\/wp-json\/wp\/v2\/pages\/154\/revisions"}],"predecessor-version":[{"id":234,"href":"https:\/\/msisteelbox.pl\/en\/wp-json\/wp\/v2\/pages\/154\/revisions\/234"}],"wp:attachment":[{"href":"https:\/\/msisteelbox.pl\/en\/wp-json\/wp\/v2\/media?parent=154"}],"curies":[{"name":"wp","href":"https:\/\/api.w.org\/{rel}","templated":true}]}}