{"id":252,"date":"2020-03-19T11:09:59","date_gmt":"2020-03-19T10:09:59","guid":{"rendered":"https:\/\/msisteelbox.pl\/produkt\/msi-ww1-werkstattwagen\/"},"modified":"2023-01-15T10:35:53","modified_gmt":"2023-01-15T09:35:53","slug":"msi-ww1-werkstattwagen","status":"publish","type":"product","link":"https:\/\/msisteelbox.pl\/de\/produkt\/msi-ww1-werkstattwagen\/","title":{"rendered":"MSI WW1 Werkstattwagen"},"content":{"rendered":"<p>Abmessungen 750\/400\/870, Gewicht 46 kg<\/p>\n<p>Es hat vier Schubladen, die an zwei Seiten an den F\u00fchrungen herausgleiten.<br \/>\nSchubladen haben feste Trennw\u00e4nde. Der Wagen ist auf beiden Seiten mit zweiteiligen Jalousien verschlossen, mit der M\u00f6glichkeit, beispielsweise mit einem Vorh\u00e4ngeschloss zu sichern. Die Tischplatte besteht aus mehrschichtigem Sperrholz, das mit schwarzem Gummi \u00fcberzogen ist. Im unteren Bereich des Wagens k\u00f6nnen Sie unter Schubladen Gegenst\u00e4nde mit gr\u00f6\u00dferen Abmessungen aufbewahren. Au\u00dferdem befindet sich ein herausnehmbarer Einsatz.<br \/>\nDer Wagen hat zwei R\u00e4der an einer festen Achse mit einem Durchmesser von 150 mm und einer zul\u00e4ssigen Last von 2 x 800 N (80 kg) und zwei Schwenkr\u00e4der (einschlie\u00dflich eines mit Bremse) mit einem Durchmesser von 100 mm und einer zul\u00e4ssigen Last von 2 x 700 N (70 kg). Der Griff besteht aus einem Rohr mit einem Durchmesser von 22&#215;2.<br \/>\nDer Werkstattwagen ist standardm\u00e4\u00dfig blau pulverbeschichtet. Nach vorheriger Kontaktaufnahme vor dem Kauf kann eine andere Farbe vereinbart werden, was jedoch mit einer l\u00e4ngeren Wartezeit f\u00fcr den bestellten Artikel verbunden sein kann Gesamtlast des Werkstattwagens: 1500 N (150 kg) Tragf\u00e4higkeit der Schublade: 150N (15kG)<\/p>\n<p>Manueller Gartenstampfer (opis do r\u0119cznego ubijaka)<br \/>\nAbmessungen:<\/p>\n<ul>\n<li>Griff &#8211; 34 mm x 350 mm<\/li>\n<li>Stiel &#8211; 34 mm x 680 mm<\/li>\n<li>Grundlage &#8211; 25x200x200<\/li>\n<li>Gewicht &#8211; 10 kg<\/li>\n<\/ul>\n<p>Wird unter anderem verwendet zum Verdichten des Bodens, aber auch zum Verdichten und Nivellieren kleiner Oberfl\u00e4chen aus anderen Materialien.<br \/>\nMassiv, komplett aus Metall. Mit Schwarzpulver lackiert.<br \/>\nGriff und Stiel aus \u00f834mm x 3mm Rohr. Die Grundlage ist aus eine Stahlplatte. Alle Elemente sind geschwei\u00dft. Die untrennbare Verbindung garantiert die Haltbarkeit des Schl\u00e4gers<\/p>\n","protected":false},"excerpt":{"rendered":"<p>Abmessungen 750\/400\/870, Gewicht 46 kg Es hat vier Schubladen, die an zwei Seiten an den F\u00fchrungen herausgleiten. Schubladen haben feste Trennw\u00e4nde. Der Wagen ist auf beiden Seiten mit zweiteiligen Jalousien verschlossen, mit der M\u00f6glichkeit, beispielsweise mit einem Vorh\u00e4ngeschloss zu sichern. Die Tischplatte besteht aus mehrschichtigem Sperrholz, das mit schwarzem Gummi \u00fcberzogen ist. Im unteren Bereich [&hellip;]<\/p>\n","protected":false},"featured_media":316,"template":"","meta":[],"product_cat":[48],"product_tag":[],"_links":{"self":[{"href":"https:\/\/msisteelbox.pl\/de\/wp-json\/wp\/v2\/product\/252"}],"collection":[{"href":"https:\/\/msisteelbox.pl\/de\/wp-json\/wp\/v2\/product"}],"about":[{"href":"https:\/\/msisteelbox.pl\/de\/wp-json\/wp\/v2\/types\/product"}],"wp:featuredmedia":[{"embeddable":true,"href":"https:\/\/msisteelbox.pl\/de\/wp-json\/wp\/v2\/media\/316"}],"wp:attachment":[{"href":"https:\/\/msisteelbox.pl\/de\/wp-json\/wp\/v2\/media?parent=252"}],"wp:term":[{"taxonomy":"product_cat","embeddable":true,"href":"https:\/\/msisteelbox.pl\/de\/wp-json\/wp\/v2\/product_cat?post=252"},{"taxonomy":"product_tag","embeddable":true,"href":"https:\/\/msisteelbox.pl\/de\/wp-json\/wp\/v2\/product_tag?post=252"}],"curies":[{"name":"wp","href":"https:\/\/api.w.org\/{rel}","templated":true}]}}