{"id":247,"date":"2020-03-19T11:08:32","date_gmt":"2020-03-19T10:08:32","guid":{"rendered":"https:\/\/msisteelbox.pl\/produkt\/sortimentskasten-msi-95-59-mit-59-boxen\/"},"modified":"2022-12-12T14:01:42","modified_gmt":"2022-12-12T13:01:42","slug":"sortimentskasten-msi-95-59-mit-59-boxen","status":"publish","type":"product","link":"https:\/\/msisteelbox.pl\/de\/produkt\/sortimentskasten-msi-95-59-mit-59-boxen\/","title":{"rendered":"Sortimentskasten MSI 95 \/ 59 mit 59 Boxen"},"content":{"rendered":"<p>Abmessungen: L \/ B \/ H 440 \/338 \/ 99 mm<\/p>\n<p>Aus Metall, pulverbeschichtet. Langlebige und solide Konstruktion mit doppeltem Verschluss, Schutz gegen versehentliches \u00d6ffnen und Metalltragegriff. Im Inneren befinden sich 59 Kunststoffbeh\u00e4lter in verschiedenen Gr\u00f6\u00dfen und Farben. Die Container auf zwei Ebenen k\u00f6nnen entsprechend frei bewegt werden eigene Bed\u00fcrfnisse. Der Kassettendeckel ist von innen mit einem d\u00fcnnen Schwamm bedeckt.<\/p>\n","protected":false},"excerpt":{"rendered":"<p>Abmessungen: L \/ B \/ H 440 \/338 \/ 99 mm Aus Metall, pulverbeschichtet. Langlebige und solide Konstruktion mit doppeltem Verschluss, Schutz gegen versehentliches \u00d6ffnen und Metalltragegriff. Im Inneren befinden sich 59 Kunststoffbeh\u00e4lter in verschiedenen Gr\u00f6\u00dfen und Farben. Die Container auf zwei Ebenen k\u00f6nnen entsprechend frei bewegt werden eigene Bed\u00fcrfnisse. Der Kassettendeckel ist von innen [&hellip;]<\/p>\n","protected":false},"featured_media":357,"template":"","meta":[],"product_cat":[40],"product_tag":[],"_links":{"self":[{"href":"https:\/\/msisteelbox.pl\/de\/wp-json\/wp\/v2\/product\/247"}],"collection":[{"href":"https:\/\/msisteelbox.pl\/de\/wp-json\/wp\/v2\/product"}],"about":[{"href":"https:\/\/msisteelbox.pl\/de\/wp-json\/wp\/v2\/types\/product"}],"wp:featuredmedia":[{"embeddable":true,"href":"https:\/\/msisteelbox.pl\/de\/wp-json\/wp\/v2\/media\/357"}],"wp:attachment":[{"href":"https:\/\/msisteelbox.pl\/de\/wp-json\/wp\/v2\/media?parent=247"}],"wp:term":[{"taxonomy":"product_cat","embeddable":true,"href":"https:\/\/msisteelbox.pl\/de\/wp-json\/wp\/v2\/product_cat?post=247"},{"taxonomy":"product_tag","embeddable":true,"href":"https:\/\/msisteelbox.pl\/de\/wp-json\/wp\/v2\/product_tag?post=247"}],"curies":[{"name":"wp","href":"https:\/\/api.w.org\/{rel}","templated":true}]}}