{"id":209,"date":"2020-03-11T10:01:14","date_gmt":"2020-03-11T09:01:14","guid":{"rendered":"https:\/\/msisteelbox.pl\/?page_id=209"},"modified":"2020-03-11T10:01:16","modified_gmt":"2020-03-11T09:01:16","slug":"karriere","status":"publish","type":"page","link":"https:\/\/msisteelbox.pl\/de\/karriere\/","title":{"rendered":"Karriere"},"content":{"rendered":"\n<p>\nWir sind eine Produktionsfirma, die Mitarbeiter\nmit bestimmten Qualifikationen und Ausbildungen sowie Mitarbeiter zum\nLehrstellen besch\u00e4ftigt. Wir erm\u00f6glichen die Ausbildung und\nQualifizierung.<\/p>\n\n\n\n<p>Wir\nermutigen sowohl qualifizierte Personen als auch Personen ohne\nBerufserfahrung, Antr\u00e4ge einzureichen. Wir sind eine gesch\u00fctzte\nWerkstatt und unsere Arbeitspl\u00e4tze sind gr\u00f6\u00dftenteils f\u00fcr\nBehinderte geeignet.<\/p>\n\n\n\n<p>Bitte\nsenden Sie Ihre Bewerbung an <a href=\"mailto:praca@msisteelbox.pl\">praca@msisteelbox.pl<\/a><\/p>\n\n\n\n<p>Je\nnach Bedarf werden wir ausgew\u00e4hlte Kandidaten kontaktieren<\/p>\n","protected":false},"excerpt":{"rendered":"<p>Wir sind eine Produktionsfirma, die Mitarbeiter mit bestimmten Qualifikationen und Ausbildungen sowie Mitarbeiter zum Lehrstellen besch\u00e4ftigt. Wir erm\u00f6glichen die Ausbildung und Qualifizierung. Wir ermutigen sowohl qualifizierte Personen als auch Personen ohne Berufserfahrung, Antr\u00e4ge einzureichen. Wir sind eine gesch\u00fctzte Werkstatt und unsere Arbeitspl\u00e4tze sind gr\u00f6\u00dftenteils f\u00fcr Behinderte geeignet. Bitte senden Sie Ihre Bewerbung an praca@msisteelbox.pl Je [&hellip;]<\/p>\n","protected":false},"author":1,"featured_media":0,"parent":0,"menu_order":0,"comment_status":"closed","ping_status":"closed","template":"","meta":{"footnotes":""},"_links":{"self":[{"href":"https:\/\/msisteelbox.pl\/de\/wp-json\/wp\/v2\/pages\/209"}],"collection":[{"href":"https:\/\/msisteelbox.pl\/de\/wp-json\/wp\/v2\/pages"}],"about":[{"href":"https:\/\/msisteelbox.pl\/de\/wp-json\/wp\/v2\/types\/page"}],"author":[{"embeddable":true,"href":"https:\/\/msisteelbox.pl\/de\/wp-json\/wp\/v2\/users\/1"}],"replies":[{"embeddable":true,"href":"https:\/\/msisteelbox.pl\/de\/wp-json\/wp\/v2\/comments?post=209"}],"version-history":[{"count":1,"href":"https:\/\/msisteelbox.pl\/de\/wp-json\/wp\/v2\/pages\/209\/revisions"}],"predecessor-version":[{"id":210,"href":"https:\/\/msisteelbox.pl\/de\/wp-json\/wp\/v2\/pages\/209\/revisions\/210"}],"wp:attachment":[{"href":"https:\/\/msisteelbox.pl\/de\/wp-json\/wp\/v2\/media?parent=209"}],"curies":[{"name":"wp","href":"https:\/\/api.w.org\/{rel}","templated":true}]}}