{"id":159,"date":"2020-03-05T11:02:51","date_gmt":"2020-03-05T10:02:51","guid":{"rendered":"https:\/\/msisteelbox.pl\/?page_id=159"},"modified":"2021-11-18T13:04:34","modified_gmt":"2021-11-18T12:04:34","slug":"kontakt","status":"publish","type":"page","link":"https:\/\/msisteelbox.pl\/de\/kontakt\/","title":{"rendered":"Kontakt"},"content":{"rendered":"\n<div class=\"wp-block-columns is-layout-flex wp-container-core-columns-layout-1 wp-block-columns-is-layout-flex\">\n<div class=\"wp-block-column is-layout-flow wp-block-column-is-layout-flow\">\n<p>\nMetalowa Sp\u00f3\u0142dzielnia Inwalid\u00f3w<\/p>\n\n\n\n<p>ul. Olszty\u0144ska 14<br>11-010 Barczewo<br>PL7390102403<\/p>\n\n\n\n<p>Code:<br>Konto PLN 82 1540 1072 2001 5070 1511 0001<br>Konto EUR 21 1540 1072 2021 5070 1511 0002<\/p>\n\n\n\n<p>Zentrale<br>+48 89 5148408<\/p>\n\n\n\n<p>Sekretariat<br>+48 89 5148565 Fax 89 5148407<br><a href=\"mailto:sekretariat@msisteelbox.pl\">sekretariat@msisteelbox.pl<\/a><\/p>\n\n\n\n<p>Verkaufsabteilung<br>+48 89 5148477<br><a href=\"mailto:z.golebiewski@msisteelbox.pl\">z.golebiewski@msisteelbox.pl<\/a><br><a href=\"mailto:k.gorzynski@msisteelbox.pl\">b.matyjasek@msisteelbox.pl<\/a><\/p>\n\n\n\n<p>Ge\u00f6ffnet: Montag bis Freitag von 7:00 bis 15:00 Uhr<\/p>\n<\/div>\n\n\n\n<div class=\"wp-block-column is-layout-flow wp-block-column-is-layout-flow\">\n<iframe loading=\"lazy\" src=\"https:\/\/www.google.com\/maps\/embed?pb=!1m14!1m8!1m3!1d9419.501630824707!2d20.6845567!3d53.8272923!3m2!1i1024!2i768!4f13.1!3m3!1m2!1s0x0%3A0xaaa71767c7710283!2sMetalowa%20Sp%C3%B3%C5%82dzielnia%20Inwalid%C3%B3w!5e0!3m2!1spl!2spl!4v1582902799021!5m2!1spl!2spl\" style=\"border:0;\" allowfullscreen=\"\" width=\"100%\" height=\"450\" frameborder=\"0\"><\/iframe>\n<\/div>\n<\/div>\n\n\n\n<p><\/p>\n","protected":false},"excerpt":{"rendered":"<p>Metalowa Sp\u00f3\u0142dzielnia Inwalid\u00f3w ul. Olszty\u0144ska 1411-010 BarczewoPL7390102403 Code:Konto PLN 82 1540 1072 2001 5070 1511 0001Konto EUR 21 1540 1072 2021 5070 1511 0002 Zentrale+48 89 5148408 Sekretariat+48 89 5148565 Fax 89 5148407sekretariat@msisteelbox.pl Verkaufsabteilung+48 89 5148477z.golebiewski@msisteelbox.plb.matyjasek@msisteelbox.pl Ge\u00f6ffnet: Montag bis Freitag von 7:00 bis 15:00 Uhr<\/p>\n","protected":false},"author":1,"featured_media":0,"parent":0,"menu_order":0,"comment_status":"closed","ping_status":"closed","template":"","meta":{"footnotes":""},"_links":{"self":[{"href":"https:\/\/msisteelbox.pl\/de\/wp-json\/wp\/v2\/pages\/159"}],"collection":[{"href":"https:\/\/msisteelbox.pl\/de\/wp-json\/wp\/v2\/pages"}],"about":[{"href":"https:\/\/msisteelbox.pl\/de\/wp-json\/wp\/v2\/types\/page"}],"author":[{"embeddable":true,"href":"https:\/\/msisteelbox.pl\/de\/wp-json\/wp\/v2\/users\/1"}],"replies":[{"embeddable":true,"href":"https:\/\/msisteelbox.pl\/de\/wp-json\/wp\/v2\/comments?post=159"}],"version-history":[{"count":4,"href":"https:\/\/msisteelbox.pl\/de\/wp-json\/wp\/v2\/pages\/159\/revisions"}],"predecessor-version":[{"id":876,"href":"https:\/\/msisteelbox.pl\/de\/wp-json\/wp\/v2\/pages\/159\/revisions\/876"}],"wp:attachment":[{"href":"https:\/\/msisteelbox.pl\/de\/wp-json\/wp\/v2\/media?parent=159"}],"curies":[{"name":"wp","href":"https:\/\/api.w.org\/{rel}","templated":true}]}}