{"id":157,"date":"2020-03-05T11:06:05","date_gmt":"2020-03-05T10:06:05","guid":{"rendered":"https:\/\/msisteelbox.pl\/?page_id=157"},"modified":"2020-03-11T09:55:22","modified_gmt":"2020-03-11T08:55:22","slug":"angebot","status":"publish","type":"page","link":"https:\/\/msisteelbox.pl\/de\/angebot\/","title":{"rendered":"Angebot"},"content":{"rendered":"\n<p>\nUnser Angebot richtet sich sowohl an Gro\u00df- als\nauch an Einzelhandelskunden.<\/p>\n\n\n\n<p>Wir\nstellen Metallprodukte her, die in gro\u00dfen und kleinen Werkst\u00e4tten,\nDienstleistungen, auf Baustellen und \u00fcberall dort verwendet werden,\nwo Werkzeuge, Instrumente und andere kleine Gegenst\u00e4nde organisiert\nund getrennt werden m\u00fcssen.<\/p>\n\n\n\n<p>In\nunserem Angebot sind:<\/p>\n\n\n\n<ul><li>Werkzeugk\u00e4sten<\/li><li>Stahlkoffer<\/li><li>Werkstattwagen<\/li><li>Stahlgeh\u00e4use<\/li><li>Klappwerkb\u00e4nke<\/li><li>andere Produkte<\/li><\/ul>\n\n\n\n<p>Auf\nKundenwunsch werden Standardprodukte auf ihre Bed\u00fcrfnisse\nzugeschnitten, insbesondere auf die Wahl der Farbe und Textur von\nFarben, das Pr\u00e4gen oder Malen von Logo-Schildern, \u00c4nderungen der\nBlechdicke und sogar der Gesamtabmessungen (nur bei Gro\u00dfauftr\u00e4gen).<\/p>\n\n\n\n<p>Die\nProdukte werden in Kartons oder Schrumpffolien verpackt<\/p>\n\n\n\n<p>Wir\nversenden Produkte an den Empf\u00e4nger verpackt auf EURO-Paletten oder\nals Einzelverpackung mit geringerem Umsatz. Wir verkaufen Einzel- und\nGro\u00dfhandel. Detaillierte Informationen zu den Produkten finden Sie\nin den entsprechenden Katalogen im Men\u00fc dieser Seite.<\/p>\n","protected":false},"excerpt":{"rendered":"<p>Unser Angebot richtet sich sowohl an Gro\u00df- als auch an Einzelhandelskunden. Wir stellen Metallprodukte her, die in gro\u00dfen und kleinen Werkst\u00e4tten, Dienstleistungen, auf Baustellen und \u00fcberall dort verwendet werden, wo Werkzeuge, Instrumente und andere kleine Gegenst\u00e4nde organisiert und getrennt werden m\u00fcssen. In unserem Angebot sind: Werkzeugk\u00e4sten Stahlkoffer Werkstattwagen Stahlgeh\u00e4use Klappwerkb\u00e4nke andere Produkte Auf Kundenwunsch werden [&hellip;]<\/p>\n","protected":false},"author":1,"featured_media":0,"parent":0,"menu_order":0,"comment_status":"closed","ping_status":"closed","template":"","meta":{"footnotes":""},"_links":{"self":[{"href":"https:\/\/msisteelbox.pl\/de\/wp-json\/wp\/v2\/pages\/157"}],"collection":[{"href":"https:\/\/msisteelbox.pl\/de\/wp-json\/wp\/v2\/pages"}],"about":[{"href":"https:\/\/msisteelbox.pl\/de\/wp-json\/wp\/v2\/types\/page"}],"author":[{"embeddable":true,"href":"https:\/\/msisteelbox.pl\/de\/wp-json\/wp\/v2\/users\/1"}],"replies":[{"embeddable":true,"href":"https:\/\/msisteelbox.pl\/de\/wp-json\/wp\/v2\/comments?post=157"}],"version-history":[{"count":2,"href":"https:\/\/msisteelbox.pl\/de\/wp-json\/wp\/v2\/pages\/157\/revisions"}],"predecessor-version":[{"id":205,"href":"https:\/\/msisteelbox.pl\/de\/wp-json\/wp\/v2\/pages\/157\/revisions\/205"}],"wp:attachment":[{"href":"https:\/\/msisteelbox.pl\/de\/wp-json\/wp\/v2\/media?parent=157"}],"curies":[{"name":"wp","href":"https:\/\/api.w.org\/{rel}","templated":true}]}}