{"id":155,"date":"2020-03-05T11:05:18","date_gmt":"2020-03-05T10:05:18","guid":{"rendered":"https:\/\/msisteelbox.pl\/?page_id=155"},"modified":"2020-03-11T09:56:33","modified_gmt":"2020-03-11T08:56:33","slug":"ueber-uns","status":"publish","type":"page","link":"https:\/\/msisteelbox.pl\/de\/ueber-uns\/","title":{"rendered":"\u00dcber uns"},"content":{"rendered":"\n<p>Metalowa\nSp\u00f3\u0142dzielnia Inwalid\u00f3w wurde 1964 gegr\u00fcndet und ist auf die\nHerstellung von Metallprodukten spezialisiert. Wir sind eine\ngesch\u00fctzte Werkstatt in Warmia in Barczewo, etwa 15 km \u00f6stlich von\nOlsztyn.<\/p>\n\n\n\n<p>Wir\nhaben einen Park von Maschinen und Ger\u00e4ten, die an die Bed\u00fcrfnisse\nder aktuellen Produktion und Kundenanforderungen angepasst werden\nk\u00f6nnen (f\u00fcr gr\u00f6\u00dfere Auftr\u00e4ge).<\/p>\n\n\n\n<p>Unsere\nmehr als 55-j\u00e4hrige Erfahrung garantiert die Zuverl\u00e4ssigkeit und\nhohe Qualit\u00e4t der Produkte, die von Kunden im In- und Ausland\nanerkannt werden.<\/p>\n","protected":false},"excerpt":{"rendered":"<p>Metalowa Sp\u00f3\u0142dzielnia Inwalid\u00f3w wurde 1964 gegr\u00fcndet und ist auf die Herstellung von Metallprodukten spezialisiert. Wir sind eine gesch\u00fctzte Werkstatt in Warmia in Barczewo, etwa 15 km \u00f6stlich von Olsztyn. Wir haben einen Park von Maschinen und Ger\u00e4ten, die an die Bed\u00fcrfnisse der aktuellen Produktion und Kundenanforderungen angepasst werden k\u00f6nnen (f\u00fcr gr\u00f6\u00dfere Auftr\u00e4ge). Unsere mehr als [&hellip;]<\/p>\n","protected":false},"author":1,"featured_media":0,"parent":0,"menu_order":0,"comment_status":"closed","ping_status":"closed","template":"","meta":{"footnotes":""},"_links":{"self":[{"href":"https:\/\/msisteelbox.pl\/de\/wp-json\/wp\/v2\/pages\/155"}],"collection":[{"href":"https:\/\/msisteelbox.pl\/de\/wp-json\/wp\/v2\/pages"}],"about":[{"href":"https:\/\/msisteelbox.pl\/de\/wp-json\/wp\/v2\/types\/page"}],"author":[{"embeddable":true,"href":"https:\/\/msisteelbox.pl\/de\/wp-json\/wp\/v2\/users\/1"}],"replies":[{"embeddable":true,"href":"https:\/\/msisteelbox.pl\/de\/wp-json\/wp\/v2\/comments?post=155"}],"version-history":[{"count":2,"href":"https:\/\/msisteelbox.pl\/de\/wp-json\/wp\/v2\/pages\/155\/revisions"}],"predecessor-version":[{"id":206,"href":"https:\/\/msisteelbox.pl\/de\/wp-json\/wp\/v2\/pages\/155\/revisions\/206"}],"wp:attachment":[{"href":"https:\/\/msisteelbox.pl\/de\/wp-json\/wp\/v2\/media?parent=155"}],"curies":[{"name":"wp","href":"https:\/\/api.w.org\/{rel}","templated":true}]}}